{"id":446,"date":"2022-08-02T11:15:23","date_gmt":"2022-08-02T11:15:23","guid":{"rendered":"http:\/\/www.papitzerhonig.de\/?post_type=product&#038;p=446"},"modified":"2026-03-27T06:35:40","modified_gmt":"2026-03-27T06:35:40","slug":"450g-fruehlingsbluete-aus-dem-kraeutergarten-in-taucha-2025","status":"publish","type":"product","link":"https:\/\/www.papitzerhonig.de\/?product=450g-fruehlingsbluete-aus-dem-kraeutergarten-in-taucha-2025","title":{"rendered":"450g Sommerbl\u00fcte aus dem Kr\u00e4utergarten in Taucha 2025"},"content":{"rendered":"<p>Diese Sommerbl\u00fcte stammt aus einem Kr\u00e4utergarten im Neubauerndorf in Taucha (<a href=\"http:\/\/krautzauber.de\">krautzauber.de<\/a>), wo seit drei Jahren vier unserer Bienenv\u00f6lker stehen und vom reichhaltigen Nektar- und Pollenangebot \u00fcber die gesamte Wachstumsphase vom Fr\u00fchjahr bis zum Herbst profitieren.<\/p>\n<p>Der Honig wurde im Juni geerntet und ist gepr\u00e4gt von vielen Sp\u00e4tbl\u00fchern und Lindenb\u00e4umen. Die Konsistenz ist zweigeteilt, unten cremig und oben fl\u00fcssig, der Geschmack leicht s\u00fc\u00df bei heller Farbe.<\/p>\n<p>Trocken, dunkel und vor W\u00e4rme gesch\u00fctzt lagern.<\/p>\n<p>Mindestens haltbar bis 12.2024<\/p>\n","protected":false},"excerpt":{"rendered":"<p>Diese Sommerbl\u00fcte stammt aus einem Kr\u00e4utergarten im Neubauerndorf in Taucha (<a href=\"http:\/\/krautzauber.de\">krautzauber.de<\/a>), wo seit drei Jahren vier unserer Bienenv\u00f6lker stehen und vom reichhaltigen Nektar- und Pollenangebot \u00fcber die gesamte Wachstumsphase vom Fr\u00fchjahr bis zum Herbst profitieren.<\/p>\n<p>Der Honig wurde im Juni geerntet und ist gepr\u00e4gt von vielen Sp\u00e4tbl\u00fchern und Lindenb\u00e4umen. Die Konsistenz ist zweigeteilt, unten cremig und oben fl\u00fcssig, der Geschmack leicht s\u00fc\u00df bei heller Farbe.<\/p>\n","protected":false},"featured_media":445,"template":"","meta":{"neve_meta_sidebar":"","neve_meta_container":"","neve_meta_enable_content_width":"off","neve_meta_content_width":70,"neve_meta_title_alignment":"","neve_meta_author_avatar":"","neve_post_elements_order":"","neve_meta_disable_header":"","neve_meta_disable_footer":"","neve_meta_disable_title":""},"product_brand":[],"product_cat":[26,24,41],"product_tag":[30,28,29],"class_list":{"0":"post-446","1":"product","2":"type-product","3":"status-publish","4":"has-post-thumbnail","6":"product_cat-fruehe-sommerbluete","7":"product_cat-sommerbluete","8":"product_cat-sommerbluete-mit-linde","9":"product_tag-aromatisch","10":"product_tag-cremig","11":"product_tag-leicht-suess","13":"first","14":"outofstock","15":"featured","16":"purchasable","17":"product-type-simple"},"jetpack_sharing_enabled":true,"_links":{"self":[{"href":"https:\/\/www.papitzerhonig.de\/index.php?rest_route=\/wp\/v2\/product\/446","targetHints":{"allow":["GET"]}}],"collection":[{"href":"https:\/\/www.papitzerhonig.de\/index.php?rest_route=\/wp\/v2\/product"}],"about":[{"href":"https:\/\/www.papitzerhonig.de\/index.php?rest_route=\/wp\/v2\/types\/product"}],"wp:featuredmedia":[{"embeddable":true,"href":"https:\/\/www.papitzerhonig.de\/index.php?rest_route=\/wp\/v2\/media\/445"}],"wp:attachment":[{"href":"https:\/\/www.papitzerhonig.de\/index.php?rest_route=%2Fwp%2Fv2%2Fmedia&parent=446"}],"wp:term":[{"taxonomy":"product_brand","embeddable":true,"href":"https:\/\/www.papitzerhonig.de\/index.php?rest_route=%2Fwp%2Fv2%2Fproduct_brand&post=446"},{"taxonomy":"product_cat","embeddable":true,"href":"https:\/\/www.papitzerhonig.de\/index.php?rest_route=%2Fwp%2Fv2%2Fproduct_cat&post=446"},{"taxonomy":"product_tag","embeddable":true,"href":"https:\/\/www.papitzerhonig.de\/index.php?rest_route=%2Fwp%2Fv2%2Fproduct_tag&post=446"}],"curies":[{"name":"wp","href":"https:\/\/api.w.org\/{rel}","templated":true}]}}