{"id":362,"date":"2020-06-19T16:14:03","date_gmt":"2020-06-19T16:14:03","guid":{"rendered":"http:\/\/www.papitzerhonig.de\/?post_type=product&#038;p=362"},"modified":"2026-03-27T06:36:00","modified_gmt":"2026-03-27T06:36:00","slug":"450g-spaeter-sommerbluetenhonig-2025","status":"publish","type":"product","link":"https:\/\/www.papitzerhonig.de\/?product=450g-spaeter-sommerbluetenhonig-2025","title":{"rendered":"450g Sp\u00e4ter Sommerbl\u00fctenhonig 2025"},"content":{"rendered":"<p>Mit vielen Sommerbl\u00fchern (u. a. Lavendel, Katzenminze, Dahlie, Echinacea, Oregano), cremig, s\u00fc\u00df, goldgelbe Farbe, mit kleinen Zuckerkristallen &#8211; die letzte Ernte des Bienenjahres.<\/p>\n<p>Trocken, dunkel und vor W\u00e4rme gesch\u00fctzt lagern.<\/p>\n<p>Mindestens haltbar bis 08.2027<\/p>\n<p>&nbsp;<\/p>\n","protected":false},"excerpt":{"rendered":"<p>Mit vielen Sommerbl\u00fchern (u. a. Lavendel, Katzenminze, Dahlie, Echinacea, Oregano), cremig, s\u00fc\u00df, goldgelbe Farbe, mit kleinen Zuckerkristallen &#8211; die letzte Ernte des Bienenjahres.<\/p>\n","protected":false},"featured_media":424,"template":"","meta":{"neve_meta_sidebar":"","neve_meta_container":"","neve_meta_enable_content_width":"off","neve_meta_content_width":100,"neve_meta_title_alignment":"","neve_meta_author_avatar":"","neve_post_elements_order":"","neve_meta_disable_header":"","neve_meta_disable_footer":"","neve_meta_disable_title":""},"product_brand":[],"product_cat":[27],"product_tag":[30,36,35,29],"class_list":{"0":"post-362","1":"product","2":"type-product","3":"status-publish","4":"has-post-thumbnail","6":"product_cat-spaete-sommerbluete","7":"product_tag-aromatisch","8":"product_tag-fluessig","9":"product_tag-herb","10":"product_tag-leicht-suess","12":"first","13":"instock","14":"purchasable","15":"product-type-simple"},"jetpack_sharing_enabled":true,"_links":{"self":[{"href":"https:\/\/www.papitzerhonig.de\/index.php?rest_route=\/wp\/v2\/product\/362","targetHints":{"allow":["GET"]}}],"collection":[{"href":"https:\/\/www.papitzerhonig.de\/index.php?rest_route=\/wp\/v2\/product"}],"about":[{"href":"https:\/\/www.papitzerhonig.de\/index.php?rest_route=\/wp\/v2\/types\/product"}],"wp:featuredmedia":[{"embeddable":true,"href":"https:\/\/www.papitzerhonig.de\/index.php?rest_route=\/wp\/v2\/media\/424"}],"wp:attachment":[{"href":"https:\/\/www.papitzerhonig.de\/index.php?rest_route=%2Fwp%2Fv2%2Fmedia&parent=362"}],"wp:term":[{"taxonomy":"product_brand","embeddable":true,"href":"https:\/\/www.papitzerhonig.de\/index.php?rest_route=%2Fwp%2Fv2%2Fproduct_brand&post=362"},{"taxonomy":"product_cat","embeddable":true,"href":"https:\/\/www.papitzerhonig.de\/index.php?rest_route=%2Fwp%2Fv2%2Fproduct_cat&post=362"},{"taxonomy":"product_tag","embeddable":true,"href":"https:\/\/www.papitzerhonig.de\/index.php?rest_route=%2Fwp%2Fv2%2Fproduct_tag&post=362"}],"curies":[{"name":"wp","href":"https:\/\/api.w.org\/{rel}","templated":true}]}}